{"id":720,"date":"2019-04-04T10:59:50","date_gmt":"2019-04-04T08:59:50","guid":{"rendered":"http:\/\/deichoase-friedrichskoog.de\/start\/?page_id=720"},"modified":"2021-05-10T14:31:25","modified_gmt":"2021-05-10T12:31:25","slug":"720-2","status":"publish","type":"page","link":"https:\/\/deichoase-friedrichskoog.de\/?page_id=720","title":{"rendered":"AGB&#8217;s"},"content":{"rendered":"<p>[vc_row][vc_column][vc_column_text]<strong>Allgemeine Gesch\u00e4ftsbedingungen<\/strong><\/p>\n<p><strong>\u00a7 1. Geltung der AGB<\/strong><br \/>\n(1) Diese Allgemeinen Gastaufnahmebedingungen gelten f\u00fcr Vertr\u00e4ge \u00fcber die mietweise \u00dcberlassung von Ferienwohnungen zur Beherbergung sowie alle f\u00fcr den Gast erbrachten weiteren Leistungen und Lieferungen des Anbieters. Die Leistungen des Anbieters erfolgen ausschlie\u00dflich aufgrund dieser Allgemeinen Gesch\u00e4ftsbedingungen.<br \/>\n(2) Die Unter- oder Weitervermietung der \u00fcberlassenen Ferienwohnung sowie deren Nutzung zu anderen als Wohnzwecken bed\u00fcrfen der vorherigen schriftlichen Zustimmung des Anbieters.<br \/>\n(3) Gesch\u00e4ftsbedingungen des Gastes finden nur Anwendung, wenn diese vorher vereinbart wurden. Abweichungen von diesen Bedingungen sind nur wirksam, wenn der Anbieter sie ausdr\u00fccklich schriftlich best\u00e4tigt hat.<\/p>\n<p><strong>\u00a7 2. Beherbergungsvertrag<\/strong><br \/>\n(1) Der Beherbergungsvertrag kommt zustande, wenn der Anbieter die Buchungsanfrage des Gastes telefonisch oder schriftlich per Briefpost, E-Mail und\/oder Telefax best\u00e4tigt und damit die Buchung annimmt (Antragsannahme).<br \/>\n(2) Vertragspartner sind der Anbieter und der Gast. Hat ein Dritter f\u00fcr den Gast bestellt, haftet er dem Anbieter gegen\u00fcber zusammen mit dem Gast als Gesamtschuldner f\u00fcr alle Verpflichtungen aus diesem Vertrag, sofern dem Anbieter eine entsprechende Erkl\u00e4rung des Dritten vorliegt.<br \/>\n(3) Der Gast ist verpflichtet, die Buchungsbest\u00e4tigung auf ihre Richtigkeit hin zu \u00fcberpr\u00fcfen. Weicht die Buchungsbest\u00e4tigung inhaltlich von der Buchungsanfrage ab und erhebt der Gast hiergegen nicht unverz\u00fcglich Einwendungen, so gilt der Inhalt der Buchungsbest\u00e4tigung als vertraglich vereinbart.<\/p>\n<p><strong>\u00a7 3. Leistungen, Preise, Zahlung, Aufrechnung<\/strong><br \/>\n(1) Der Anbieter ist verpflichtet, die vom Gast gebuchte Ferienwohnung bereitzuhalten und die vereinbarten Leistungen zu erbringen. Die Ferienwohnung entspricht dem Ausstattungsstandard einer durchschnittlichen Mietwohnung. Eine Gew\u00e4hr \u00fcbernimmt der Anbieter nur f\u00fcr ausdr\u00fccklich zugesagte Ausstattungsmerkmale, nicht dagegen f\u00fcr die subjektive Qualit\u00e4t der Ausstattung (z. B. Bel\u00fcftung). Ausnahmen gelten f\u00fcr Einschr\u00e4nkungen, die kurzfristig durch h\u00f6here Gewalt entstanden sind. Der Anbieter hat umgehend f\u00fcr Ersatz zu sorgen.<br \/>\n(2) Der Gast ist verpflichtet, die f\u00fcr die \u00dcberlassung der Ferienwohnung und die von ihm in Anspruch genommenen weiteren Leistungen geltenden bzw. vereinbarten Preise des Anbieters zu zahlen. Dies gilt auch f\u00fcr vom Gast veranlasste Leistungen und Auslagen des Anbieters an Dritte.<br \/>\n(3) S\u00e4mtliche Preise schlie\u00dfen die jeweilige gesetzliche Mehrwertsteuer ein.<br \/>\n(4) Der Gast ist verpflichtet, wahrheitsgem\u00e4\u00dfe Angaben \u00fcber die Anzahl der Personen zu machen, die die Ferienwohnung belegen. Die Ferienwohnung steht maximal f\u00fcr die in der Buchungsbest\u00e4tigung nach \u00a7 2 Abs. 1 genannte Anzahl von Personen zur Verf\u00fcgung. Die Belegung mit einer dar\u00fcber hinausgehenden Anzahl von Personen bedarf der vorherigen schriftlichen Zustimmung des Anbieters. Der Preis f\u00fcr die \u00dcberlassung der Ferienwohnung erh\u00f6ht sich in diesem Fall auf den bei entsprechender Belegung berechneten Preis.<br \/>\n(5) \u00dcberschreitet der Zeitraum zwischen Vertragsabschluss und &#8211; erf\u00fcllung vier Monate und erh\u00f6ht sich der vom Anbieter allgemein f\u00fcr derartige Leistungen berechnete Preis, so kann der Anbieter den vertraglich vereinbarten Preis angemessen, h\u00f6chstens jedoch um 10%, anheben.<br \/>\n(6) Die Zahlung des f\u00fcr die \u00dcberlassung der Ferienwohnung vereinbarten Preises sowie f\u00fcr die mit dem Gast vereinbarten weiteren Leistungen ist sp\u00e4testens am Anreisetag bei \u00dcbergabe der Schl\u00fcssel f\u00e4llig. Sie hat zu diesem Zeitpunkt in bar zu erfolgen, es sei denn der Anbieter hat gegen\u00fcber dem Gast einer anderen Zahlungsweise ausdr\u00fccklich zugestimmt. EC- und Kreditkarten werden als Zahlungsmittel vor Ort nur mit Zuschlag akzeptiert.<br \/>\n(7) Der Anbieter beh\u00e4lt sich vor, von dem Gast vor der Anreise eine angemessene Vorauszahlung auf den f\u00fcr die \u00dcberlassung der Ferienwohnung vereinbarten Preis sowie die mit dem Gast vereinbarten weiteren Leistungen zu verlangen. Sofern eine Vorauszahlung mit der Buchungsbest\u00e4tigung gem\u00e4\u00df \u00a7 2 Abs. 1 verlangt wird, ist diese am 8. Tag nach der \u00dcbermittlung der Buchungsbest\u00e4tigung f\u00e4llig. Kann der Anbieter bis zum 8. Tag nach der \u00dcbermittlung der Buchungsbest\u00e4tigung keinen Zahlungseingang verbuchen, und wird diese auch nicht nach Verstreichen einer vom Anbieter gesetzten angemessene Nachfrist mit Ablehnungsandrohung geleistet, so ist der Anbieter berechtigt, vom Vertrag zur\u00fcckzutreten; dies ist dem Gast schriftlich mitteilen. \u00a7 5 Abs. 3 ist dann mit der Ma\u00dfgabe, dass der 8. Tag nach der Buchungsbest\u00e4tigung als Tag der Stornierung gilt, anzuwenden.<br \/>\n(8) Der Gast kann mit einer unstreitigen oder rechtskr\u00e4ftigen Forderung gegen\u00fcber einer Forderung des Anbieters aufrechnen.<\/p>\n<p><strong>\u00a7 4. Allgemeine Rechte u. Pflichten; Hausordnung<\/strong><br \/>\n(1) Der Gast hat die ihm \u00fcberlassene Ferienwohnung und dessen Inventar pfleglich zu behandeln. Er ist zur Einhaltung der Hausordnung verpflichtet. Von 12.00 Uhr bis 14.00 Uhr gilt die Mittags-, von 19.00 Uhr bis 9.00 Uhr morgens die Nachtruhe. In dieser Zeit ist besondere R\u00fccksichtnahme auf die Nachbarn geboten. TV- und Audioger\u00e4te sind auf Zimmerlautst\u00e4rke einzustellen.<br \/>\n(2) F\u00fcr die Dauer der \u00dcberlassung der Ferienwohnung ist der Gast verpflichtet, bei Verlassen der Ferienwohnung Fenster und T\u00fcren geschlossen zu halten, s\u00e4mtliche Heizl\u00fcfter sowie Licht und technische Ger\u00e4te auszuschalten.<br \/>\n(3) Die Unterbringung von Haustieren jedweder Art ist in der Ferienwohnung nur nach vorheriger schriftlicher Zustimmung des Anbieters erlaubt. F\u00fcr die Unterbringung von Tieren kann der Anbieter einen angemessenen Aufpreis verlangen. Werden Tiere ohne vorherige Zustimmung des Anbieters untergebracht, kann dieser auf eine sofortige Abreise bestehen sowie unbesehen eine Reinigungspauschale in H\u00f6he von bis zu 200,00 Euro in Rechnung stellen.<br \/>\n(4) In der Ferienwohnung gilt ein allgemeines Rauchverbot. Bei Zuwiderhandlungen kann der Anbieter eine Reinigungspauschale in H\u00f6he von bis zu 200,00 Euro in Rechnung stellen. Rauchen ist nur auf Balkonen und Terrassen erlaubt. Von Zigarren und Zigarillos ist Abstand zu nehmen.<br \/>\n(5) Die Internetnutzung ist gestattet, soweit diese nicht gegen die gesetzlichen Bestimmungen verst\u00f6\u00dft. Strafbare Handlungen (insbesondere widerrechtliche Downloads, Seitenaufrufe, strafw\u00fcrdiges Verhalten) werden zur Anzeige gebracht verfolgt. F\u00fcr eine widerrechtliche Nutzung des Internets haftet allein der Gast.<br \/>\n(6) Die Ein- und\/oder Anbringung von Materialien zur Dekoration o. \u00e4. ist in der Ferienwohnung nicht erlaubt. Der Gast haftet f\u00fcr gleichwohl ein- und\/oder angebrachte Dekoration o. \u00e4. allein und stellt den Anbieter von Anspr\u00fcchen Dritter frei. Er ist au\u00dferdem zum Ersatz von Sch\u00e4den durch die Ein- und oder Anbringung von Dekoration o. \u00e4. verpflichtet.<br \/>\n(7) Der Anbieter hat ein jederzeitiges Zutrittsrecht zu der Ferienwohnung, insbesondere bei Gefahr im Verzug. Auf die schutzw\u00fcrdigen Belange des Gastes ist bei der Aus\u00fcbung des Zutrittsrechts angemessen R\u00fccksicht zu nehmen. Der Anbieter wird den Gast \u00fcber die Aus\u00fcbung des Zutrittsrechts vorab informieren, es sei denn, dies ist ihm nach den Umst\u00e4nden des Einzelfalls nicht zumutbar oder unm\u00f6glich.<br \/>\n(8) In allen Domizilen der Deichoase gilt die Aufsichtspflicht der Eltern\/Erziehungsberechtigten f\u00fcr mitreisende Kinder. Besonders die st\u00e4ndige Aufsicht von Kleinkindern ist allein Pflicht der G\u00e4ste. Dies gilt f\u00fcr die Nutzung des Grundst\u00fccks und von Spielger\u00e4ten. Diese werden regelm\u00e4\u00dfig gewartet, sind aber nicht zur Nutzung freigegeben. Diese geschieht auf eigen Verantwortung.<\/p>\n<p><strong>\u00a7 5. R\u00fccktritt vom Vertrag\/Stornierung<\/strong><br \/>\n(1) Ein R\u00fccktritt des Gastes von dem mit dem Anbieter geschlossenen Vertrag kann lediglich in begr\u00fcndeten Ausnahmef\u00e4llen erfolgen und bedarf der schriftlichen Zustimmung des Anbieters. Erfolgt diese nicht, so ist der vereinbarte Preis aus dem Vertrag auch dann zu zahlen, wenn der Kunde vertragliche Leistungen nicht in Anspruch nimmt. Dies gilt nicht in F\u00e4llen des Leistungsverzuges des Anbieters oder einer von ihm zu vertretenden Unm\u00f6glichkeit der Leistungserbringung.<br \/>\n(2) Der Gast kann, ohne Zahlungs- oder Schadensersatzanspr\u00fcche des Anbieters auszul\u00f6sen, von dem Vertrag nur zur\u00fccktreten, sofern zwischen ihm und dem Anbieter die R\u00fccktrittsm\u00f6glichkeit bis zu einem bestimmten Termin schriftlich vereinbart wurde. Dieses R\u00fccktrittsrecht des Gastes erlischt, wenn er nicht bis zum vereinbarten Termin sein Recht zum R\u00fccktritt schriftlich gegen\u00fcber dem Anbieter aus\u00fcbt, es sei denn es liegt ein Fall des Leistungsverzuges des Anbieters oder eine von ihm zu vertretende Unm\u00f6glichkeit der Leistungserbringung vor.<br \/>\n(3) Ohne Ausl\u00f6sung von Zahlungs- oder Schadensersatzanspr\u00fcchen des Anbieters ist der Gast zur Stornierung bis zu vier Stunden nach der Buchung \u00fcber die Website deichoase-freidrichskoog.de berechtigt. Bei Buchungen \u00fcber andere Portale oder Anbieter gelten die dort hinterlegten Konditionen. Stornierungen m\u00fcssen schriftlich gegen\u00fcber dem Anbieter erfolgen, es sei denn der Anbieter stimmt einer m\u00fcndlichen Stornierung zu. Als Stornierungstag gilt der Tag des Zugangs der Stornierung beim Anbieter.<br \/>\n(4) Bei einer vom Gast nicht in Anspruch genommenen Ferienwohnung hat der Anbieter die Einnahmen aus anderweitiger Vermietung der Ferienwohnung sowie die eingesparten Aufwendungen anzurechnen.<br \/>\n(5) Erscheint der Gast am Anreisetag nicht bis sp\u00e4testens 22.00 Uhr oder bis sp\u00e4testens 60 Minuten nach einem gem\u00e4\u00df \u00a7 7 Abs. 1 vereinbarten sp\u00e4teren Zeitpunkt, ohne sich gemeldet zu haben, so gilt der Vertrag als storniert. Abs. 3 ist entsprechend anzuwenden. Zus\u00e4tzlich kann der Anbieter von dem Gast eine Verwaltungsgeb\u00fchr in H\u00f6he von 100,00 Euro verlangen.<br \/>\n(6) Sofern ein R\u00fccktrittsrecht des Gastes innerhalb einer bestimmten Frist gem\u00e4\u00df Abs. 2 schriftlich vereinbart wurde, ist der Anbieter in diesem Zeitraum seinerseits berechtigt, vom Vertrag zur\u00fcckzutreten, wenn Anfragen anderer G\u00e4ste nach der vertraglich gebuchten Ferienwohnung vorliegen und der Gast auf R\u00fcckfrage des Anbieters auf sein Recht zum R\u00fccktritt nicht verzichtet.<br \/>\n(7) Ferner ist der Anbieter berechtigt, aus sachlich gerechtfertigtem Grund vom Vertrag zur\u00fcckzutreten bzw. diesen au\u00dferordentlich zu k\u00fcndigen, wenn z. B. a) h\u00f6here Gewalt oder andere vom Anbieter nicht zu vertretende Umst\u00e4nde die Erf\u00fcllung des Vertrages unm\u00f6glich machen, b) die Ferienwohnung unter irref\u00fchrender oder falscher Angabe wesentlicher Tatsachen, z. B. in der Person des Gastes oder bzgl. des Zwecks oder bzgl. der Belegung oder bzgl. der Unterbringung von Tieren, gebucht wurde, c) die Ferienwohnung zu anderen als zu Wohnzwecken genutzt wird, d) der Anbieter begr\u00fcndeten Anlass zu der Annahme hat, dass die Inanspruchnahme der Leistung die Sicherheit oder den Hausfrieden anderer G\u00e4ste \/ Nachbarn oder das Ansehen des Anbieters in der \u00d6ffentlichkeit gef\u00e4hrdet, ohne dass dies dem Herrschafts-\/ oder Organisationsbereich des Anbieters zuzurechnen ist.<br \/>\n(8) Der Anbieter hat den Gast von der Aus\u00fcbung des R\u00fccktritts- bzw. K\u00fcndigungsrechts unverz\u00fcglich in Kenntnis zu setzen. In F\u00e4llen des Abs. 7 a) hat der Anbieter bereits geleistete Mietpreiszahlungen und\/oder Vorauszahlungen unverz\u00fcglich zu erstatten. Bei berechtigtem R\u00fccktritt bzw. bei berechtigter K\u00fcndigung durch den Anbieter entsteht kein Anspruch des Gastes auf Schadensersatz. Der Gast hat dem Anbieter alle von ihm zu vertretenden Sch\u00e4den aufgrund eines R\u00fccktritts bzw. einer au\u00dferordentlichen K\u00fcndigung gem\u00e4\u00df Abs. 7 zu ersetzen.<\/p>\n<p><strong>\u00a7 6. Haftung; Verj\u00e4hrung<\/strong><br \/>\n(1) Der Anbieter haftet f\u00fcr seine Verpflichtungen aus dem Vertrag. Die Haftung ist auf Vorsatz und grobe Fahrl\u00e4ssigkeit des Anbieters beschr\u00e4nkt, wenn und soweit er nach den gesetzlichen Bestimmungen nicht unabdingbar unbeschr\u00e4nkt haftet. Sollten St\u00f6rungen oder M\u00e4ngel an den Leistungen des Anbieters auftreten, wird sich der Anbieter bei Kenntnis oder auf unverz\u00fcgliche R\u00fcge des Gastes bem\u00fchen, die St\u00f6rung oder den Mangel zu beseitigen. Der Gast ist verpflichtet, das ihm Zumutbare beizutragen, um die St\u00f6rung oder den Mangel zu beseitigen und einen m\u00f6glichen Schaden gering zu halten.<br \/>\n(2) F\u00fcr eingebrachte Sachen des Gastes haftet der Anbieter nicht; sie gelten nicht als eingebrachte Sachen im Sinne der \u00a7\u00a7 701 f. BGB. Eine Haftung des Anbieters nach diesen Vorschriften ist damit ausdr\u00fccklich ausgeschlossen. Dies gilt ausdr\u00fccklich auch f\u00fcr Wertgegenst\u00e4nde, die der Gast in der Ferienwohnung verwahrt und\/oder hinterl\u00e4sst.<br \/>\n(3) Der Gast haftet f\u00fcr alle Sch\u00e4den, die er, seine Mitreisenden oder seine Besucher im\/am Haus und Aussenbereich der Ferienwohnung, in der Ferienwohnung und\/oder am Inventar der Ferienwohnung schuldhaft verursacht haben. Eine private Haftpflichtversicherung wird dem Gast empfohlen. Der Gast ist verpflichtet, dem Anbieter Sch\u00e4den unverz\u00fcglich anzuzeigen. Dies gilt insbesondere auch bei solchen Sch\u00e4den, die sich auch auf andere Wohnungen im Haus auswirken k\u00f6nnen (z. B. Wassersch\u00e4den, Feuersch\u00e4den).<br \/>\n(4) Anspr\u00fcche des Gastes verj\u00e4hren in sechs Monaten, es sei denn der Anbieter haftet wegen Vorsatzes. Anspr\u00fcche des Anbieters verj\u00e4hren in der jeweiligen gesetzlichen Frist.<\/p>\n<p><strong>\u00a7 7. An- und Abreise, Schl\u00fcssel\u00fcbergabe; Versp\u00e4tete R\u00e4umung<\/strong><br \/>\n(1) Die Ferienwohnung steht am Anreisetag regelm\u00e4\u00dfig ab 15.00 Uhr zur Verf\u00fcgung. Die Anreise muss bis 22.00 Uhr erfolgen, es sei denn, ein sp\u00e4terer Anreisezeitpunkt wird vorab ausdr\u00fccklich mit dem Anbieter vereinbart. Eine Anreise vor 15.00 Uhr kann ebenfalls nur erfolgen, wenn dies vorab mit dem Anbieter vereinbart wurde.<br \/>\n(2) Ist die Anreise in der Zeit zwischen 22:00 Uhr und 8:00 vereinbart und findet in dieser Zeit statt, wird ein Aufschlag in H\u00f6he von 30,00 Euro erhoben<br \/>\n(3) Der Gast ist verpflichtet, dem Anbieter bei der Anreise seinen g\u00fcltigen Personalausweis oder Reisepass vorzulegen.<br \/>\n(4) Der Anbieter kann bei der Anreise die Entrichtung einer Kaution in H\u00f6he von 250,00 \u208b verlangen. Der Anbieter erstattet diese Kaution bei rechtzeitiger R\u00e4umung der Ferienwohnung und Herausgabe aller Schl\u00fcssel am Abreisetag, sofern mit dem Gast nicht etwas anderes vereinbart wurde und sofern die Ferienwohnung keine von dem Gast zu vertretenden Sch\u00e4den aufweist. F\u00fcr den Fall dar\u00fcber hinausgehender Sch\u00e4den an der Ferienwohnung und\/oder dem Inventar leistet der Gast noch vor Ort den f\u00fcr den Schadensersatz erforderlichen Geldbetrag in bar (\u00a7 249 Abs. 2 BGB).<br \/>\n(5) Am Abreisetag hat der Gast die Ferienwohnung bis sp\u00e4testens um<br \/>\n10.00 Uhr ger\u00e4umt zur Verf\u00fcgung zu stellen.<br \/>\nBei versp\u00e4teter R\u00e4umung der Ferienwohnung hat der Anbieter gegen\u00fcber dem Gast Anspruch auf eine Zusatzzahlung. Diese betr\u00e4gt<br \/>\na) 50,00 Euro bei einer R\u00e4umung nach 10.00 Uhr aber vor 13.00 Uhr; b) 100 % des vereinbarten \u00dcbernachtungspreises\/Nacht bei einer R\u00e4umung nach 13.00 Uhr . Dar\u00fcber hinaus hat der Anbieter Anspruch auf Ersatz aller ihm aufgrund einer versp\u00e4teten R\u00e4umung entstehenden weitergehenden Sch\u00e4den.<br \/>\n(6) Die R\u00e4umung gem\u00e4\u00df Abs. 4 gilt erst als bewirkt, wenn auch alle Schl\u00fcssel an den Anbieter oder seinen Vertreter herausgegeben wurden. Hierzu kann der Gast, wenn dies mit dem Anbieter zuvor ausdr\u00fccklich vereinbart wurde, alle Schl\u00fcssel im jeweiligen Schl\u00fcsseltresor zu verschlie\u00dfen oder im Briefkasten der Verwaltung der Deichoase Friedrichskoog, Hauptstra\u00dfe 2 in Friedrichskoog einzuwerfen. Der Gast ist verpflichtet, die ordnungsgem\u00e4\u00dfe Schlie\u00dfung der Wohnungst\u00fcr zu kontrollieren.<br \/>\n(7) Bei Verlust eines oder mehrerer Schl\u00fcssel hat der Gast dem Anbieter Schadensersatz f\u00fcr deren Neuherstellung und ggf. f\u00fcr den Einbau neuer Schl\u00f6sser nebst Schl\u00fcssel zu leisten.<\/p>\n<p><strong>\u00a7 8. Datenschutz<\/strong><br \/>\nDie vom Gast angegebenen pers\u00f6nlichen Daten werden vom Vermieter nicht an Dritte weitergegeben, es sei denn, dies ist f\u00fcr die Vertragsabwicklung erforderlich. Die Datenschutzbestimmungen sind auf der Unternehmens-Website einzusehen<\/p>\n<p><strong>\u00a79. COVID-19-Bestimmungen:<\/strong> Jede Buchung in der Deichoase obliegt der Ber\u00fccksichtigung der geltenden Gesetze und der Vernunft. Da sich die Forderungen der Landessverordnung und des Bundes jederzeit \u00e4ndern k\u00f6nnen, finden die tagesaktuellen offiziellen Vorgaben in erster Linie Geltung in der Anwendung. Sollten Sie diesen Anforderungen nicht nachkommen k\u00f6nnen\/wollen, bitten wir Sie im Sinne der Gesundheit unserer Mitarbeiter, Anwohner und anderer G\u00e4ste von einer Anreise abzusehen. Wir behalten uns vor, G\u00e4ste mit positivem Testergebnis oder offensichtlichen Erk\u00e4ltungssymptomen den Zugang zu unseren Objekten zu verwehren. Im Falle einer Durchseuchung der Mietsache m\u00fcssen wir Kosten die Dekontaminierung, Spezialreinigung und Schadenersatz f\u00fcr Umsatz-Ausfall geltend machen. Ebenso werden eventuell entstehende Schadenersatzforderung nachfolgender G\u00e4ste, deren Anreise\/Unterbringung nicht m\u00f6glich wird, an den\/die Verursacher zum Ausgleich weitergereicht werden.<\/p>\n<p><strong>\u00a7 10. Schlussbestimmungen<\/strong><br \/>\n(1) \u00c4nderungen oder Erg\u00e4nzungen des Vertrags, der Antragsannahme oder dieser Allgemeinen Gesch\u00e4ftsbedingungen sollen schriftlich erfolgen. Einseitige \u00c4nderungen oder Erg\u00e4nzungen durch den Gast sind unwirksam.<br \/>\n(2) Erf\u00fcllungs- und Zahlungsort ist Friedrichskoog. Gerichtsstand ist Meldorf bzw. das zust\u00e4ndige Gericht in SH.<br \/>\n(3) Auf den Vertrag findet ausschlie\u00dflich das Recht der Bundesrepublik Deutschland Anwendung.<br \/>\n(4) Diese Allgemeinen Gastaufnahmebedingungen sind nur f\u00fcr den pers\u00f6nlichen Gebrauch des Gastes bestimmt. Einer gewerblichen Nutzung durch Dritte wird ausdr\u00fccklich widersprochen.<br \/>\n(5) Sollte eine der vor- und nachstehenden stehenden Bestimmungen unwirksam bzw. nichtig sein oder werden, so ber\u00fchrt dies die Wirksamkeit der \u00fcbrigen Bestimmungen nicht.<br \/>\nDie unwirksame Bestimmung ist durch eine Bestimmung zu ersetzen, die dem Zweck der zu ersetzenden Bestimmung am n\u00e4chsten kommt. Im \u00dcbrigen gelten die gesetzlichen Vorschriften.<\/p>\n<p>&nbsp;<\/p>\n<p>Stand der DEICHOASE AGB 10.05.21<\/p>\n<p>[\/vc_column_text][\/vc_column][\/vc_row]<\/p>\n","protected":false},"excerpt":{"rendered":"<p>[vc_row][vc_column][vc_column_text]Allgemeine Gesch\u00e4ftsbedingungen \u00a7 1. Geltung der AGB (1) Diese Allgemeinen Gastaufnahmebedingungen gelten f\u00fcr Vertr\u00e4ge \u00fcber die mietweise \u00dcberlassung von Ferienwohnungen zur Beherbergung sowie alle f\u00fcr den Gast erbrachten weiteren Leistungen und Lieferungen des Anbieters. Die Leistungen des Anbieters erfolgen ausschlie\u00dflich aufgrund dieser Allgemeinen Gesch\u00e4ftsbedingungen. (2) Die Unter- oder Weitervermietung der \u00fcberlassenen Ferienwohnung sowie deren Nutzung<\/p>\n<a href=\"https:\/\/deichoase-friedrichskoog.de\/?page_id=720\" class=\"sohohotel-more-link\">Read More<i class=\"fa fa-angle-right\"><\/i><\/a>","protected":false},"author":3,"featured_media":0,"parent":0,"menu_order":0,"comment_status":"closed","ping_status":"closed","template":"","meta":[],"_links":{"self":[{"href":"https:\/\/deichoase-friedrichskoog.de\/index.php?rest_route=\/wp\/v2\/pages\/720"}],"collection":[{"href":"https:\/\/deichoase-friedrichskoog.de\/index.php?rest_route=\/wp\/v2\/pages"}],"about":[{"href":"https:\/\/deichoase-friedrichskoog.de\/index.php?rest_route=\/wp\/v2\/types\/page"}],"author":[{"embeddable":true,"href":"https:\/\/deichoase-friedrichskoog.de\/index.php?rest_route=\/wp\/v2\/users\/3"}],"replies":[{"embeddable":true,"href":"https:\/\/deichoase-friedrichskoog.de\/index.php?rest_route=%2Fwp%2Fv2%2Fcomments&post=720"}],"version-history":[{"count":8,"href":"https:\/\/deichoase-friedrichskoog.de\/index.php?rest_route=\/wp\/v2\/pages\/720\/revisions"}],"predecessor-version":[{"id":342439,"href":"https:\/\/deichoase-friedrichskoog.de\/index.php?rest_route=\/wp\/v2\/pages\/720\/revisions\/342439"}],"wp:attachment":[{"href":"https:\/\/deichoase-friedrichskoog.de\/index.php?rest_route=%2Fwp%2Fv2%2Fmedia&parent=720"}],"curies":[{"name":"wp","href":"https:\/\/api.w.org\/{rel}","templated":true}]}}